{"id":52,"date":"2024-06-06T19:17:21","date_gmt":"2024-06-06T19:17:21","guid":{"rendered":"https:\/\/leticiacelaa.com\/?page_id=52"},"modified":"2024-07-17T09:06:24","modified_gmt":"2024-07-17T09:06:24","slug":"inicio-2","status":"publish","type":"page","link":"https:\/\/leticiacelaa.com\/","title":{"rendered":"inicio"},"content":{"rendered":"<p>[et_pb_section fb_built=\u00bb1&#8243; admin_label=\u00bbAbout\u00bb _builder_version=\u00bb4.26.1&#8243; _module_preset=\u00bbdefault\u00bb background_image=\u00bbhttps:\/\/leticiacelaa.com\/wp-content\/uploads\/2024\/07\/1111111.png\u00bb min_height=\u00bb690.4px\u00bb custom_margin=\u00bb64px|||||\u00bb custom_padding=\u00bb0px|||||\u00bb collapsed=\u00bbon\u00bb global_colors_info=\u00bb{}\u00bb][\/et_pb_section][et_pb_section fb_built=\u00bb1&#8243; _builder_version=\u00bb4.26.1&#8243; _module_preset=\u00bbdefault\u00bb global_colors_info=\u00bb{}\u00bb][et_pb_row _builder_version=\u00bb4.26.1&#8243; _module_preset=\u00bbdefault\u00bb global_colors_info=\u00bb{}\u00bb][et_pb_column type=\u00bb4_4&#8243; _builder_version=\u00bb4.26.1&#8243; _module_preset=\u00bbdefault\u00bb global_colors_info=\u00bb{}\u00bb][et_pb_text _builder_version=\u00bb4.26.1&#8243; _module_preset=\u00bbdefault\u00bb hover_enabled=\u00bb0&#8243; global_colors_info=\u00bb{}\u00bb sticky_enabled=\u00bb0&#8243;]<\/p>\n<h3><span><\/span><\/h3>\n<h3><span><\/span><\/h3>\n<h3><span><\/span><\/h3>\n<h3><span><\/span><\/h3>\n<h3><span><\/span><\/h3>\n<h3><span><\/span><\/h3>\n<h3><span><\/span><\/h3>\n<h3 style=\"text-align: center;\"><span><\/span><\/h3>\n<h3 style=\"text-align: center;\"><span><\/span><\/h3>\n<h3 style=\"text-align: center;\"><span><\/span><\/h3>\n<h3 style=\"text-align: center;\"><span><\/span><\/h3>\n<h3 style=\"text-align: center;\"><span><\/span><\/h3>\n<h3 style=\"text-align: center;\"><span><\/span><\/h3>\n<h3 style=\"text-align: center;\"><span>Ven a cuidarte con nosotros. Encontrar\u00e1s en un ambiente muy agradable los mejores tratamientos con una aparatolog\u00eda de \u00faltima generaci\u00f3n y con los mejores profesionales al servicio de tu salud y tu est\u00e9tica.<\/span><\/h3>\n<p>&nbsp;<\/p>\n<p><span><\/span><\/p>\n<h3 style=\"text-align: center;\"><span><\/span><\/h3>\n<h3 style=\"text-align: center;\"><span><\/span><\/h3>\n<h3 style=\"text-align: center;\"><span><\/span><\/h3>\n<p>[\/et_pb_text][et_pb_social_media_follow icon_color=\u00bbgcid-07b38b3b-5331-4694-abb8-4525d4da000e\u00bb _builder_version=\u00bb4.26.1&#8243; _module_preset=\u00bbdefault\u00bb hover_enabled=\u00bb0&#8243; border_radii=\u00bbon|100px|100px|100px|100px\u00bb border_width_all=\u00bb1px\u00bb border_color_all=\u00bbgcid-07b38b3b-5331-4694-abb8-4525d4da000e\u00bb locked=\u00bboff\u00bb global_colors_info=\u00bb{%22gcid-07b38b3b-5331-4694-abb8-4525d4da000e%22:%91%22icon_color%22,%22border_color_all%22%93}\u00bb theme_builder_area=\u00bbpost_content\u00bb text_orientation=\u00bbcenter\u00bb sticky_enabled=\u00bb0&#8243;][et_pb_social_media_follow_network social_network=\u00bbfacebook\u00bb _builder_version=\u00bb4.20.0&#8243; _module_preset=\u00bbdefault\u00bb custom_padding=\u00bb4px|4px|4px|4px|true|true\u00bb global_colors_info=\u00bb{}\u00bb follow_button=\u00bboff\u00bb url_new_window=\u00bbon\u00bb theme_builder_area=\u00bbpost_content\u00bb]facebook[\/et_pb_social_media_follow_network][et_pb_social_media_follow_network social_network=\u00bbtwitter\u00bb _builder_version=\u00bb4.20.0&#8243; _module_preset=\u00bbdefault\u00bb custom_padding=\u00bb4px|4px|4px|4px|true|true\u00bb global_colors_info=\u00bb{}\u00bb follow_button=\u00bboff\u00bb url_new_window=\u00bbon\u00bb theme_builder_area=\u00bbpost_content\u00bb]twitter[\/et_pb_social_media_follow_network][et_pb_social_media_follow_network social_network=\u00bbinstagram\u00bb _builder_version=\u00bb4.20.0&#8243; _module_preset=\u00bbdefault\u00bb custom_padding=\u00bb4px|4px|4px|4px|true|true\u00bb global_colors_info=\u00bb{}\u00bb follow_button=\u00bboff\u00bb url_new_window=\u00bbon\u00bb theme_builder_area=\u00bbpost_content\u00bb]instagram[\/et_pb_social_media_follow_network][\/et_pb_social_media_follow][et_pb_divider _builder_version=\u00bb4.26.1&#8243; _module_preset=\u00bbdefault\u00bb show_divider=\u00bboff\u00bb width=\u00bb100%\u00bb hover_enabled=\u00bb0&#8243; sticky_enabled=\u00bb0&#8243;][\/et_pb_divider][\/et_pb_column][\/et_pb_row][\/et_pb_section][et_pb_section fb_built=\u00bb1&#8243; _builder_version=\u00bb4.26.1&#8243; _module_preset=\u00bbdefault\u00bb max_width=\u00bb100%\u00bb hover_enabled=\u00bb0&#8243; global_colors_info=\u00bb{}\u00bb custom_margin=\u00bb76px|||||\u00bb width=\u00bb100%\u00bb sticky_enabled=\u00bb0&#8243;][et_pb_row column_structure=\u00bb1_3,1_3,1_3&#8243; _builder_version=\u00bb4.26.1&#8243; _module_preset=\u00bbdefault\u00bb global_colors_info=\u00bb{}\u00bb][et_pb_column type=\u00bb1_3&#8243; _builder_version=\u00bb4.26.1&#8243; _module_preset=\u00bbdefault\u00bb global_colors_info=\u00bb{}\u00bb][et_pb_blurb title=\u00bbEstetica facial\u00bb image=\u00bbhttps:\/\/leticiacelaa.com\/wp-content\/uploads\/2024\/04\/29092768_216011025616955_2968737293994557440_n.jpg\u00bb _builder_version=\u00bb4.26.1&#8243; _module_preset=\u00bbdefault\u00bb hover_enabled=\u00bb0&#8243; global_colors_info=\u00bb{}\u00bb sticky_enabled=\u00bb0&#8243;][\/et_pb_blurb][\/et_pb_column][et_pb_column type=\u00bb1_3&#8243; _builder_version=\u00bb4.26.1&#8243; _module_preset=\u00bbdefault\u00bb global_colors_info=\u00bb{}\u00bb][et_pb_blurb title=\u00bbEstetica corporal\u00bb image=\u00bbhttps:\/\/leticiacelaa.com\/wp-content\/uploads\/2024\/04\/29092768_216011025616955_2968737293994557440_n.jpg\u00bb _builder_version=\u00bb4.26.1&#8243; _module_preset=\u00bbdefault\u00bb hover_enabled=\u00bb0&#8243; global_colors_info=\u00bb{}\u00bb sticky_enabled=\u00bb0&#8243;][\/et_pb_blurb][\/et_pb_column][et_pb_column type=\u00bb1_3&#8243; _builder_version=\u00bb4.26.1&#8243; _module_preset=\u00bbdefault\u00bb global_colors_info=\u00bb{}\u00bb][et_pb_blurb title=\u00bbDepilaci\u00f3n laser\u00bb image=\u00bbhttps:\/\/leticiacelaa.com\/wp-content\/uploads\/2024\/04\/29092768_216011025616955_2968737293994557440_n.jpg\u00bb _builder_version=\u00bb4.26.1&#8243; _module_preset=\u00bbdefault\u00bb hover_enabled=\u00bb0&#8243; global_colors_info=\u00bb{}\u00bb sticky_enabled=\u00bb0&#8243;][\/et_pb_blurb][\/et_pb_column][\/et_pb_row][\/et_pb_section][et_pb_section fb_built=\u00bb1&#8243; theme_builder_area=\u00bbpost_content\u00bb _builder_version=\u00bb4.26.1&#8243; _module_preset=\u00bbdefault\u00bb custom_margin=\u00bb147px||65px|||\u00bb min_height=\u00bb146.8px\u00bb custom_padding=\u00bb0px|||||\u00bb][et_pb_row _builder_version=\u00bb4.26.1&#8243; _module_preset=\u00bbdefault\u00bb theme_builder_area=\u00bbpost_content\u00bb column_structure=\u00bb1_2,1_2&#8243;][et_pb_column _builder_version=\u00bb4.26.1&#8243; _module_preset=\u00bbdefault\u00bb type=\u00bb1_2&#8243; theme_builder_area=\u00bbpost_content\u00bb][et_pb_image src=\u00bbhttps:\/\/leticiacelaa.com\/wp-content\/uploads\/2024\/07\/DD-1.png\u00bb title_text=\u00bbDD\u00bb _builder_version=\u00bb4.26.1&#8243; _module_preset=\u00bbdefault\u00bb global_colors_info=\u00bb{}\u00bb theme_builder_area=\u00bbpost_content\u00bb][\/et_pb_image][\/et_pb_column][et_pb_column _builder_version=\u00bb4.26.1&#8243; _module_preset=\u00bbdefault\u00bb type=\u00bb1_2&#8243; theme_builder_area=\u00bbpost_content\u00bb][et_pb_text _builder_version=\u00bb4.26.1&#8243; _module_preset=\u00bbdefault\u00bb hover_enabled=\u00bb0&#8243; sticky_enabled=\u00bb0&#8243; theme_builder_area=\u00bbpost_content\u00bb]<\/p>\n<h4 style=\"text-align: center;\"><span><\/span><\/h4>\n<h4 style=\"text-align: center;\"><span><\/span><\/h4>\n<h4 style=\"text-align: center;\"><span>Teluro, 1 Loc. 7 &#8211; 32004 &#8211;\u00a0<\/span><span class=\"font-weight-bold\">Ourense<\/span><span>\u00a0(Ourense)<\/span><\/h4>\n<h2 style=\"text-align: center;\"><span>Tl. 988 252 402<\/span><\/h2>\n<p><span><\/span><\/p>\n<p>[\/et_pb_text][\/et_pb_column][\/et_pb_row][\/et_pb_section][et_pb_section fb_built=\u00bb1&#8243; fullwidth=\u00bbon\u00bb theme_builder_area=\u00bbpost_content\u00bb _builder_version=\u00bb4.26.1&#8243; _module_preset=\u00bbdefault\u00bb][et_pb_fullwidth_code _builder_version=\u00bb4.26.1&#8243; _module_preset=\u00bbdefault\u00bb theme_builder_area=\u00bbpost_content\u00bb hover_enabled=\u00bb0&#8243; sticky_enabled=\u00bb0&#8243;]<iframe src=\"https:\/\/www.google.com\/maps\/embed?pb=!1m18!1m12!1m3!1d4170.615958188245!2d-7.862046063542014!3d42.34101332027692!2m3!1f0!2f0!3f0!3m2!1i1024!2i768!4f13.1!3m3!1m2!1s0xd2ffeb808573c27%3A0x3baf07ec062c60ba!2sLeticia%20Cela%C3%A1%20Beauty%20Lounge!5e0!3m2!1ses!2ses!4v1721206803192!5m2!1ses!2ses\" width=\"1900\" height=\"500\" style=\"border:0;\" allowfullscreen=\"\" loading=\"lazy\" referrerpolicy=\"no-referrer-when-downgrade\"><\/iframe>[\/et_pb_fullwidth_code][\/et_pb_section]<\/p>\n","protected":false},"excerpt":{"rendered":"<p>Ven a cuidarte con nosotros. Encontrar\u00e1s en un ambiente muy agradable los mejores tratamientos con una aparatolog\u00eda de \u00faltima generaci\u00f3n y con los mejores profesionales al servicio de tu salud y tu est\u00e9tica. &nbsp; Teluro, 1 Loc. 7 &#8211; 32004 &#8211;\u00a0Ourense\u00a0(Ourense) Tl. 988 252 402<\/p>\n","protected":false},"author":1,"featured_media":0,"parent":0,"menu_order":0,"comment_status":"closed","ping_status":"closed","template":"","meta":{"_et_pb_use_builder":"on","_et_pb_old_content":"","_et_gb_content_width":"","footnotes":""},"class_list":["post-52","page","type-page","status-publish","hentry"],"_links":{"self":[{"href":"https:\/\/leticiacelaa.com\/index.php?rest_route=\/wp\/v2\/pages\/52"}],"collection":[{"href":"https:\/\/leticiacelaa.com\/index.php?rest_route=\/wp\/v2\/pages"}],"about":[{"href":"https:\/\/leticiacelaa.com\/index.php?rest_route=\/wp\/v2\/types\/page"}],"author":[{"embeddable":true,"href":"https:\/\/leticiacelaa.com\/index.php?rest_route=\/wp\/v2\/users\/1"}],"replies":[{"embeddable":true,"href":"https:\/\/leticiacelaa.com\/index.php?rest_route=%2Fwp%2Fv2%2Fcomments&post=52"}],"version-history":[{"count":19,"href":"https:\/\/leticiacelaa.com\/index.php?rest_route=\/wp\/v2\/pages\/52\/revisions"}],"predecessor-version":[{"id":213,"href":"https:\/\/leticiacelaa.com\/index.php?rest_route=\/wp\/v2\/pages\/52\/revisions\/213"}],"wp:attachment":[{"href":"https:\/\/leticiacelaa.com\/index.php?rest_route=%2Fwp%2Fv2%2Fmedia&parent=52"}],"curies":[{"name":"wp","href":"https:\/\/api.w.org\/{rel}","templated":true}]}}